{"id":999,"date":"2025-04-08T15:03:42","date_gmt":"2025-04-08T15:03:42","guid":{"rendered":"https:\/\/lesuissespa.com\/restaurante\/?post_type=product&#038;p=999"},"modified":"2025-04-11T14:55:46","modified_gmt":"2025-04-11T14:55:46","slug":"mojito-de-coco","status":"publish","type":"product","link":"https:\/\/lesuissespa.com\/restaurante\/product\/mojito-de-coco\/","title":{"rendered":"Mojito de Coco"},"content":{"rendered":"","protected":false},"excerpt":{"rendered":"<p><b>Virgen\/Ron Zacapa<\/b>-Una fusi\u00f3n de coco, hierba buena, lim\u00f3n, az\u00facar y mineral.<\/p>\n","protected":false},"featured_media":1133,"comment_status":"open","ping_status":"closed","template":"","meta":[],"product_brand":[],"product_cat":[38,77,85,84],"product_tag":[],"class_list":{"0":"post-999","1":"product","2":"type-product","3":"status-publish","4":"has-post-thumbnail","6":"product_cat-bebidas","7":"product_cat-bebidas-refrescantes-calientes","8":"product_cat-cocteleria-naturales-e-hidratantes","9":"product_cat-cocteles","11":"first","12":"instock","13":"taxable","14":"shipping-taxable","15":"purchasable","16":"product-type-variable"},"yoast_head":"<!-- This site is optimized with the Yoast SEO plugin v25.9 - https:\/\/yoast.com\/wordpress\/plugins\/seo\/ -->\n<title>Mojito de Coco - Restaurante<\/title>\n<meta name=\"robots\" content=\"index, follow, max-snippet:-1, max-image-preview:large, max-video-preview:-1\" \/>\n<link rel=\"canonical\" href=\"https:\/\/lesuissespa.com\/restaurante\/product\/mojito-de-coco\/\" \/>\n<meta property=\"og:locale\" content=\"es_ES\" \/>\n<meta property=\"og:type\" content=\"article\" \/>\n<meta property=\"og:title\" content=\"Mojito de Coco - Restaurante\" \/>\n<meta property=\"og:description\" content=\"Virgen\/Ron Zacapa-Una fusi\u00f3n de coco, hierba buena, lim\u00f3n, az\u00facar y mineral.\" \/>\n<meta property=\"og:url\" content=\"https:\/\/lesuissespa.com\/restaurante\/product\/mojito-de-coco\/\" \/>\n<meta property=\"og:site_name\" content=\"Restaurante\" \/>\n<meta property=\"article:modified_time\" content=\"2025-04-11T14:55:46+00:00\" \/>\n<meta property=\"og:image\" content=\"https:\/\/lesuissespa.com\/restaurante\/wp-content\/uploads\/2025\/04\/mojito_coco.webp\" \/>\n\t<meta property=\"og:image:width\" content=\"1000\" \/>\n\t<meta property=\"og:image:height\" content=\"1000\" \/>\n\t<meta property=\"og:image:type\" content=\"image\/webp\" \/>\n<meta name=\"twitter:card\" content=\"summary_large_image\" \/>\n<script type=\"application\/ld+json\" class=\"yoast-schema-graph\">{\"@context\":\"https:\/\/schema.org\",\"@graph\":[{\"@type\":\"WebPage\",\"@id\":\"https:\/\/lesuissespa.com\/restaurante\/product\/mojito-de-coco\/\",\"url\":\"https:\/\/lesuissespa.com\/restaurante\/product\/mojito-de-coco\/\",\"name\":\"Mojito de Coco - Restaurante\",\"isPartOf\":{\"@id\":\"https:\/\/lesuissespa.com\/restaurante\/#website\"},\"primaryImageOfPage\":{\"@id\":\"https:\/\/lesuissespa.com\/restaurante\/product\/mojito-de-coco\/#primaryimage\"},\"image\":{\"@id\":\"https:\/\/lesuissespa.com\/restaurante\/product\/mojito-de-coco\/#primaryimage\"},\"thumbnailUrl\":\"https:\/\/lesuissespa.com\/restaurante\/wp-content\/uploads\/2025\/04\/mojito_coco.webp\",\"datePublished\":\"2025-04-08T15:03:42+00:00\",\"dateModified\":\"2025-04-11T14:55:46+00:00\",\"breadcrumb\":{\"@id\":\"https:\/\/lesuissespa.com\/restaurante\/product\/mojito-de-coco\/#breadcrumb\"},\"inLanguage\":\"es-CO\",\"potentialAction\":[{\"@type\":\"ReadAction\",\"target\":[\"https:\/\/lesuissespa.com\/restaurante\/product\/mojito-de-coco\/\"]}]},{\"@type\":\"ImageObject\",\"inLanguage\":\"es-CO\",\"@id\":\"https:\/\/lesuissespa.com\/restaurante\/product\/mojito-de-coco\/#primaryimage\",\"url\":\"https:\/\/lesuissespa.com\/restaurante\/wp-content\/uploads\/2025\/04\/mojito_coco.webp\",\"contentUrl\":\"https:\/\/lesuissespa.com\/restaurante\/wp-content\/uploads\/2025\/04\/mojito_coco.webp\",\"width\":1000,\"height\":1000},{\"@type\":\"BreadcrumbList\",\"@id\":\"https:\/\/lesuissespa.com\/restaurante\/product\/mojito-de-coco\/#breadcrumb\",\"itemListElement\":[{\"@type\":\"ListItem\",\"position\":1,\"name\":\"Inicio\",\"item\":\"https:\/\/lesuissespa.com\/restaurante\/\"},{\"@type\":\"ListItem\",\"position\":2,\"name\":\"Shop\",\"item\":\"https:\/\/lesuissespa.com\/restaurante\/shop\/\"},{\"@type\":\"ListItem\",\"position\":3,\"name\":\"Mojito de Coco\"}]},{\"@type\":\"WebSite\",\"@id\":\"https:\/\/lesuissespa.com\/restaurante\/#website\",\"url\":\"https:\/\/lesuissespa.com\/restaurante\/\",\"name\":\"Restaurante\",\"description\":\"\",\"potentialAction\":[{\"@type\":\"SearchAction\",\"target\":{\"@type\":\"EntryPoint\",\"urlTemplate\":\"https:\/\/lesuissespa.com\/restaurante\/?s={search_term_string}\"},\"query-input\":{\"@type\":\"PropertyValueSpecification\",\"valueRequired\":true,\"valueName\":\"search_term_string\"}}],\"inLanguage\":\"es-CO\"}]}<\/script>\n<!-- \/ Yoast SEO plugin. -->","yoast_head_json":{"title":"Mojito de Coco - Restaurante","robots":{"index":"index","follow":"follow","max-snippet":"max-snippet:-1","max-image-preview":"max-image-preview:large","max-video-preview":"max-video-preview:-1"},"canonical":"https:\/\/lesuissespa.com\/restaurante\/product\/mojito-de-coco\/","og_locale":"es_ES","og_type":"article","og_title":"Mojito de Coco - Restaurante","og_description":"Virgen\/Ron Zacapa-Una fusi\u00f3n de coco, hierba buena, lim\u00f3n, az\u00facar y mineral.","og_url":"https:\/\/lesuissespa.com\/restaurante\/product\/mojito-de-coco\/","og_site_name":"Restaurante","article_modified_time":"2025-04-11T14:55:46+00:00","og_image":[{"width":1000,"height":1000,"url":"https:\/\/lesuissespa.com\/restaurante\/wp-content\/uploads\/2025\/04\/mojito_coco.webp","type":"image\/webp"}],"twitter_card":"summary_large_image","schema":{"@context":"https:\/\/schema.org","@graph":[{"@type":"WebPage","@id":"https:\/\/lesuissespa.com\/restaurante\/product\/mojito-de-coco\/","url":"https:\/\/lesuissespa.com\/restaurante\/product\/mojito-de-coco\/","name":"Mojito de Coco - Restaurante","isPartOf":{"@id":"https:\/\/lesuissespa.com\/restaurante\/#website"},"primaryImageOfPage":{"@id":"https:\/\/lesuissespa.com\/restaurante\/product\/mojito-de-coco\/#primaryimage"},"image":{"@id":"https:\/\/lesuissespa.com\/restaurante\/product\/mojito-de-coco\/#primaryimage"},"thumbnailUrl":"https:\/\/lesuissespa.com\/restaurante\/wp-content\/uploads\/2025\/04\/mojito_coco.webp","datePublished":"2025-04-08T15:03:42+00:00","dateModified":"2025-04-11T14:55:46+00:00","breadcrumb":{"@id":"https:\/\/lesuissespa.com\/restaurante\/product\/mojito-de-coco\/#breadcrumb"},"inLanguage":"es-CO","potentialAction":[{"@type":"ReadAction","target":["https:\/\/lesuissespa.com\/restaurante\/product\/mojito-de-coco\/"]}]},{"@type":"ImageObject","inLanguage":"es-CO","@id":"https:\/\/lesuissespa.com\/restaurante\/product\/mojito-de-coco\/#primaryimage","url":"https:\/\/lesuissespa.com\/restaurante\/wp-content\/uploads\/2025\/04\/mojito_coco.webp","contentUrl":"https:\/\/lesuissespa.com\/restaurante\/wp-content\/uploads\/2025\/04\/mojito_coco.webp","width":1000,"height":1000},{"@type":"BreadcrumbList","@id":"https:\/\/lesuissespa.com\/restaurante\/product\/mojito-de-coco\/#breadcrumb","itemListElement":[{"@type":"ListItem","position":1,"name":"Inicio","item":"https:\/\/lesuissespa.com\/restaurante\/"},{"@type":"ListItem","position":2,"name":"Shop","item":"https:\/\/lesuissespa.com\/restaurante\/shop\/"},{"@type":"ListItem","position":3,"name":"Mojito de Coco"}]},{"@type":"WebSite","@id":"https:\/\/lesuissespa.com\/restaurante\/#website","url":"https:\/\/lesuissespa.com\/restaurante\/","name":"Restaurante","description":"","potentialAction":[{"@type":"SearchAction","target":{"@type":"EntryPoint","urlTemplate":"https:\/\/lesuissespa.com\/restaurante\/?s={search_term_string}"},"query-input":{"@type":"PropertyValueSpecification","valueRequired":true,"valueName":"search_term_string"}}],"inLanguage":"es-CO"}]}},"_links":{"self":[{"href":"https:\/\/lesuissespa.com\/restaurante\/wp-json\/wp\/v2\/product\/999","targetHints":{"allow":["GET"]}}],"collection":[{"href":"https:\/\/lesuissespa.com\/restaurante\/wp-json\/wp\/v2\/product"}],"about":[{"href":"https:\/\/lesuissespa.com\/restaurante\/wp-json\/wp\/v2\/types\/product"}],"replies":[{"embeddable":true,"href":"https:\/\/lesuissespa.com\/restaurante\/wp-json\/wp\/v2\/comments?post=999"}],"wp:featuredmedia":[{"embeddable":true,"href":"https:\/\/lesuissespa.com\/restaurante\/wp-json\/wp\/v2\/media\/1133"}],"wp:attachment":[{"href":"https:\/\/lesuissespa.com\/restaurante\/wp-json\/wp\/v2\/media?parent=999"}],"wp:term":[{"taxonomy":"product_brand","embeddable":true,"href":"https:\/\/lesuissespa.com\/restaurante\/wp-json\/wp\/v2\/product_brand?post=999"},{"taxonomy":"product_cat","embeddable":true,"href":"https:\/\/lesuissespa.com\/restaurante\/wp-json\/wp\/v2\/product_cat?post=999"},{"taxonomy":"product_tag","embeddable":true,"href":"https:\/\/lesuissespa.com\/restaurante\/wp-json\/wp\/v2\/product_tag?post=999"}],"curies":[{"name":"wp","href":"https:\/\/api.w.org\/{rel}","templated":true}]}}