{"id":955,"date":"2025-04-07T21:35:22","date_gmt":"2025-04-07T21:35:22","guid":{"rendered":"https:\/\/lesuissespa.com\/restaurante\/?post_type=product&#038;p=955"},"modified":"2025-04-11T19:03:36","modified_gmt":"2025-04-11T19:03:36","slug":"mantener-peso","status":"publish","type":"product","link":"https:\/\/lesuissespa.com\/restaurante\/product\/mantener-peso\/","title":{"rendered":"Mantener peso"},"content":{"rendered":"","protected":false},"excerpt":{"rendered":"<p><b>Espinaca, pi\u00f1a y miel<\/b>-Suave l\u00e1xate y diur\u00e9tico, limpia el organismo, facilita la expulsi\u00f3n de grasa alojada en el organismo, disminuye la celulitis, elimina c\u00e9lulas muertas.<\/p>\n","protected":false},"featured_media":1182,"comment_status":"open","ping_status":"closed","template":"","meta":[],"product_brand":[],"product_cat":[38,77,83],"product_tag":[],"class_list":{"0":"post-955","1":"product","2":"type-product","3":"status-publish","4":"has-post-thumbnail","6":"product_cat-bebidas","7":"product_cat-bebidas-refrescantes-calientes","8":"product_cat-licuados-saludables","10":"first","11":"instock","12":"taxable","13":"shipping-taxable","14":"purchasable","15":"product-type-simple"},"yoast_head":"<!-- This site is optimized with the Yoast SEO plugin v25.9 - https:\/\/yoast.com\/wordpress\/plugins\/seo\/ -->\n<title>Mantener peso - Restaurante<\/title>\n<meta name=\"robots\" content=\"index, follow, max-snippet:-1, max-image-preview:large, max-video-preview:-1\" \/>\n<link rel=\"canonical\" href=\"https:\/\/lesuissespa.com\/restaurante\/product\/mantener-peso\/\" \/>\n<meta property=\"og:locale\" content=\"es_ES\" \/>\n<meta property=\"og:type\" content=\"article\" \/>\n<meta property=\"og:title\" content=\"Mantener peso - Restaurante\" \/>\n<meta property=\"og:description\" content=\"Espinaca, pi\u00f1a y miel-Suave l\u00e1xate y diur\u00e9tico, limpia el organismo, facilita la expulsi\u00f3n de grasa alojada en el organismo, disminuye la celulitis, elimina c\u00e9lulas muertas.\" \/>\n<meta property=\"og:url\" content=\"https:\/\/lesuissespa.com\/restaurante\/product\/mantener-peso\/\" \/>\n<meta property=\"og:site_name\" content=\"Restaurante\" \/>\n<meta property=\"article:modified_time\" content=\"2025-04-11T19:03:36+00:00\" \/>\n<meta property=\"og:image\" content=\"https:\/\/lesuissespa.com\/restaurante\/wp-content\/uploads\/2025\/04\/mantener_peso.webp\" \/>\n\t<meta property=\"og:image:width\" content=\"1000\" \/>\n\t<meta property=\"og:image:height\" content=\"1000\" \/>\n\t<meta property=\"og:image:type\" content=\"image\/webp\" \/>\n<meta name=\"twitter:card\" content=\"summary_large_image\" \/>\n<script type=\"application\/ld+json\" class=\"yoast-schema-graph\">{\"@context\":\"https:\/\/schema.org\",\"@graph\":[{\"@type\":\"WebPage\",\"@id\":\"https:\/\/lesuissespa.com\/restaurante\/product\/mantener-peso\/\",\"url\":\"https:\/\/lesuissespa.com\/restaurante\/product\/mantener-peso\/\",\"name\":\"Mantener peso - Restaurante\",\"isPartOf\":{\"@id\":\"https:\/\/lesuissespa.com\/restaurante\/#website\"},\"primaryImageOfPage\":{\"@id\":\"https:\/\/lesuissespa.com\/restaurante\/product\/mantener-peso\/#primaryimage\"},\"image\":{\"@id\":\"https:\/\/lesuissespa.com\/restaurante\/product\/mantener-peso\/#primaryimage\"},\"thumbnailUrl\":\"https:\/\/lesuissespa.com\/restaurante\/wp-content\/uploads\/2025\/04\/mantener_peso.webp\",\"datePublished\":\"2025-04-07T21:35:22+00:00\",\"dateModified\":\"2025-04-11T19:03:36+00:00\",\"breadcrumb\":{\"@id\":\"https:\/\/lesuissespa.com\/restaurante\/product\/mantener-peso\/#breadcrumb\"},\"inLanguage\":\"es-CO\",\"potentialAction\":[{\"@type\":\"ReadAction\",\"target\":[\"https:\/\/lesuissespa.com\/restaurante\/product\/mantener-peso\/\"]}]},{\"@type\":\"ImageObject\",\"inLanguage\":\"es-CO\",\"@id\":\"https:\/\/lesuissespa.com\/restaurante\/product\/mantener-peso\/#primaryimage\",\"url\":\"https:\/\/lesuissespa.com\/restaurante\/wp-content\/uploads\/2025\/04\/mantener_peso.webp\",\"contentUrl\":\"https:\/\/lesuissespa.com\/restaurante\/wp-content\/uploads\/2025\/04\/mantener_peso.webp\",\"width\":1000,\"height\":1000},{\"@type\":\"BreadcrumbList\",\"@id\":\"https:\/\/lesuissespa.com\/restaurante\/product\/mantener-peso\/#breadcrumb\",\"itemListElement\":[{\"@type\":\"ListItem\",\"position\":1,\"name\":\"Inicio\",\"item\":\"https:\/\/lesuissespa.com\/restaurante\/\"},{\"@type\":\"ListItem\",\"position\":2,\"name\":\"Shop\",\"item\":\"https:\/\/lesuissespa.com\/restaurante\/shop\/\"},{\"@type\":\"ListItem\",\"position\":3,\"name\":\"Mantener peso\"}]},{\"@type\":\"WebSite\",\"@id\":\"https:\/\/lesuissespa.com\/restaurante\/#website\",\"url\":\"https:\/\/lesuissespa.com\/restaurante\/\",\"name\":\"Restaurante\",\"description\":\"\",\"potentialAction\":[{\"@type\":\"SearchAction\",\"target\":{\"@type\":\"EntryPoint\",\"urlTemplate\":\"https:\/\/lesuissespa.com\/restaurante\/?s={search_term_string}\"},\"query-input\":{\"@type\":\"PropertyValueSpecification\",\"valueRequired\":true,\"valueName\":\"search_term_string\"}}],\"inLanguage\":\"es-CO\"}]}<\/script>\n<!-- \/ Yoast SEO plugin. -->","yoast_head_json":{"title":"Mantener peso - Restaurante","robots":{"index":"index","follow":"follow","max-snippet":"max-snippet:-1","max-image-preview":"max-image-preview:large","max-video-preview":"max-video-preview:-1"},"canonical":"https:\/\/lesuissespa.com\/restaurante\/product\/mantener-peso\/","og_locale":"es_ES","og_type":"article","og_title":"Mantener peso - Restaurante","og_description":"Espinaca, pi\u00f1a y miel-Suave l\u00e1xate y diur\u00e9tico, limpia el organismo, facilita la expulsi\u00f3n de grasa alojada en el organismo, disminuye la celulitis, elimina c\u00e9lulas muertas.","og_url":"https:\/\/lesuissespa.com\/restaurante\/product\/mantener-peso\/","og_site_name":"Restaurante","article_modified_time":"2025-04-11T19:03:36+00:00","og_image":[{"width":1000,"height":1000,"url":"https:\/\/lesuissespa.com\/restaurante\/wp-content\/uploads\/2025\/04\/mantener_peso.webp","type":"image\/webp"}],"twitter_card":"summary_large_image","schema":{"@context":"https:\/\/schema.org","@graph":[{"@type":"WebPage","@id":"https:\/\/lesuissespa.com\/restaurante\/product\/mantener-peso\/","url":"https:\/\/lesuissespa.com\/restaurante\/product\/mantener-peso\/","name":"Mantener peso - Restaurante","isPartOf":{"@id":"https:\/\/lesuissespa.com\/restaurante\/#website"},"primaryImageOfPage":{"@id":"https:\/\/lesuissespa.com\/restaurante\/product\/mantener-peso\/#primaryimage"},"image":{"@id":"https:\/\/lesuissespa.com\/restaurante\/product\/mantener-peso\/#primaryimage"},"thumbnailUrl":"https:\/\/lesuissespa.com\/restaurante\/wp-content\/uploads\/2025\/04\/mantener_peso.webp","datePublished":"2025-04-07T21:35:22+00:00","dateModified":"2025-04-11T19:03:36+00:00","breadcrumb":{"@id":"https:\/\/lesuissespa.com\/restaurante\/product\/mantener-peso\/#breadcrumb"},"inLanguage":"es-CO","potentialAction":[{"@type":"ReadAction","target":["https:\/\/lesuissespa.com\/restaurante\/product\/mantener-peso\/"]}]},{"@type":"ImageObject","inLanguage":"es-CO","@id":"https:\/\/lesuissespa.com\/restaurante\/product\/mantener-peso\/#primaryimage","url":"https:\/\/lesuissespa.com\/restaurante\/wp-content\/uploads\/2025\/04\/mantener_peso.webp","contentUrl":"https:\/\/lesuissespa.com\/restaurante\/wp-content\/uploads\/2025\/04\/mantener_peso.webp","width":1000,"height":1000},{"@type":"BreadcrumbList","@id":"https:\/\/lesuissespa.com\/restaurante\/product\/mantener-peso\/#breadcrumb","itemListElement":[{"@type":"ListItem","position":1,"name":"Inicio","item":"https:\/\/lesuissespa.com\/restaurante\/"},{"@type":"ListItem","position":2,"name":"Shop","item":"https:\/\/lesuissespa.com\/restaurante\/shop\/"},{"@type":"ListItem","position":3,"name":"Mantener peso"}]},{"@type":"WebSite","@id":"https:\/\/lesuissespa.com\/restaurante\/#website","url":"https:\/\/lesuissespa.com\/restaurante\/","name":"Restaurante","description":"","potentialAction":[{"@type":"SearchAction","target":{"@type":"EntryPoint","urlTemplate":"https:\/\/lesuissespa.com\/restaurante\/?s={search_term_string}"},"query-input":{"@type":"PropertyValueSpecification","valueRequired":true,"valueName":"search_term_string"}}],"inLanguage":"es-CO"}]}},"_links":{"self":[{"href":"https:\/\/lesuissespa.com\/restaurante\/wp-json\/wp\/v2\/product\/955","targetHints":{"allow":["GET"]}}],"collection":[{"href":"https:\/\/lesuissespa.com\/restaurante\/wp-json\/wp\/v2\/product"}],"about":[{"href":"https:\/\/lesuissespa.com\/restaurante\/wp-json\/wp\/v2\/types\/product"}],"replies":[{"embeddable":true,"href":"https:\/\/lesuissespa.com\/restaurante\/wp-json\/wp\/v2\/comments?post=955"}],"wp:featuredmedia":[{"embeddable":true,"href":"https:\/\/lesuissespa.com\/restaurante\/wp-json\/wp\/v2\/media\/1182"}],"wp:attachment":[{"href":"https:\/\/lesuissespa.com\/restaurante\/wp-json\/wp\/v2\/media?parent=955"}],"wp:term":[{"taxonomy":"product_brand","embeddable":true,"href":"https:\/\/lesuissespa.com\/restaurante\/wp-json\/wp\/v2\/product_brand?post=955"},{"taxonomy":"product_cat","embeddable":true,"href":"https:\/\/lesuissespa.com\/restaurante\/wp-json\/wp\/v2\/product_cat?post=955"},{"taxonomy":"product_tag","embeddable":true,"href":"https:\/\/lesuissespa.com\/restaurante\/wp-json\/wp\/v2\/product_tag?post=955"}],"curies":[{"name":"wp","href":"https:\/\/api.w.org\/{rel}","templated":true}]}}