{"id":339,"date":"2025-04-01T14:15:47","date_gmt":"2025-04-01T14:15:47","guid":{"rendered":"https:\/\/lesuissespa.com\/restaurante\/?page_id=339"},"modified":"2025-09-26T18:36:07","modified_gmt":"2025-09-26T18:36:07","slug":"inicio","status":"publish","type":"page","link":"https:\/\/lesuissespa.com\/restaurante\/","title":{"rendered":"Inicio"},"content":{"rendered":"\t\t<div data-elementor-type=\"wp-page\" data-elementor-id=\"339\" class=\"elementor elementor-339\" data-elementor-post-type=\"page\">\n\t\t\t\t<div class=\"elementor-element elementor-element-23d79e0 e-con-full e-flex e-con e-parent\" data-id=\"23d79e0\" data-element_type=\"container\">\n\t\t<div class=\"elementor-element elementor-element-7ac6f2d e-con-full e-flex e-con e-child\" data-id=\"7ac6f2d\" data-element_type=\"container\">\n\t\t<div class=\"elementor-element elementor-element-9714995 e-con-full e-flex e-con e-child\" data-id=\"9714995\" data-element_type=\"container\">\n\t\t<a class=\"elementor-element elementor-element-49e94ad e-con-full e-flex e-con e-child\" data-id=\"49e94ad\" data-element_type=\"container\" data-settings=\"{&quot;background_background&quot;:&quot;classic&quot;}\" href=\"https:\/\/lesuissespa.com\/restaurante\/comida\/\">\n\t\t\t\t<div class=\"elementor-element elementor-element-83f7c36 elementor-hidden-desktop elementor-hidden-tablet elementor-hidden-mobile elementor-view-default elementor-invisible elementor-widget elementor-widget-icon\" data-id=\"83f7c36\" data-element_type=\"widget\" data-settings=\"{&quot;_animation&quot;:&quot;bounce&quot;}\" data-widget_type=\"icon.default\">\n\t\t\t\t<div class=\"elementor-widget-container\">\n\t\t\t\t\t\t\t<div class=\"elementor-icon-wrapper\">\n\t\t\t<div class=\"elementor-icon elementor-animation-grow\">\n\t\t\t<svg aria-hidden=\"true\" class=\"e-font-icon-svg e-fas-arrow-circle-down\" viewBox=\"0 0 512 512\" xmlns=\"http:\/\/www.w3.org\/2000\/svg\"><path d=\"M504 256c0 137-111 248-248 248S8 393 8 256 119 8 256 8s248 111 248 248zm-143.6-28.9L288 302.6V120c0-13.3-10.7-24-24-24h-16c-13.3 0-24 10.7-24 24v182.6l-72.4-75.5c-9.3-9.7-24.8-9.9-34.3-.4l-10.9 11c-9.4 9.4-9.4 24.6 0 33.9L239 404.3c9.4 9.4 24.6 9.4 33.9 0l132.7-132.7c9.4-9.4 9.4-24.6 0-33.9l-10.9-11c-9.5-9.5-25-9.3-34.3.4z\"><\/path><\/svg>\t\t\t<\/div>\n\t\t<\/div>\n\t\t\t\t\t\t<\/div>\n\t\t\t\t<\/div>\n\t\t\t\t<\/a>\n\t\t<a class=\"elementor-element elementor-element-6ab1d16 e-con-full e-flex e-con e-child\" data-id=\"6ab1d16\" data-element_type=\"container\" data-settings=\"{&quot;background_background&quot;:&quot;classic&quot;}\" href=\"https:\/\/lesuissespa.com\/restaurante\/bebidas\/\">\n\t\t\t\t<div class=\"elementor-element elementor-element-e4adf8b elementor-hidden-desktop elementor-hidden-tablet elementor-hidden-mobile elementor-view-default elementor-invisible elementor-widget elementor-widget-icon\" data-id=\"e4adf8b\" data-element_type=\"widget\" data-settings=\"{&quot;_animation&quot;:&quot;bounce&quot;}\" data-widget_type=\"icon.default\">\n\t\t\t\t<div class=\"elementor-widget-container\">\n\t\t\t\t\t\t\t<div class=\"elementor-icon-wrapper\">\n\t\t\t<div class=\"elementor-icon elementor-animation-grow\">\n\t\t\t<svg aria-hidden=\"true\" class=\"e-font-icon-svg e-fas-arrow-circle-down\" viewBox=\"0 0 512 512\" xmlns=\"http:\/\/www.w3.org\/2000\/svg\"><path d=\"M504 256c0 137-111 248-248 248S8 393 8 256 119 8 256 8s248 111 248 248zm-143.6-28.9L288 302.6V120c0-13.3-10.7-24-24-24h-16c-13.3 0-24 10.7-24 24v182.6l-72.4-75.5c-9.3-9.7-24.8-9.9-34.3-.4l-10.9 11c-9.4 9.4-9.4 24.6 0 33.9L239 404.3c9.4 9.4 24.6 9.4 33.9 0l132.7-132.7c9.4-9.4 9.4-24.6 0-33.9l-10.9-11c-9.5-9.5-25-9.3-34.3.4z\"><\/path><\/svg>\t\t\t<\/div>\n\t\t<\/div>\n\t\t\t\t\t\t<\/div>\n\t\t\t\t<\/div>\n\t\t\t\t<\/a>\n\t\t\t\t<\/div>\n\t\t<div class=\"elementor-element elementor-element-769612a e-con-full e-flex e-con e-child\" data-id=\"769612a\" data-element_type=\"container\">\n\t\t<a class=\"elementor-element elementor-element-ec0809e e-con-full e-flex e-con e-child\" data-id=\"ec0809e\" data-element_type=\"container\" data-settings=\"{&quot;background_background&quot;:&quot;classic&quot;}\" href=\"https:\/\/lesuissespa.com\/restaurante\/product-category\/comida\/postres\/\">\n\t\t\t\t<div class=\"elementor-element elementor-element-51b6b83 elementor-hidden-desktop elementor-hidden-tablet elementor-hidden-mobile elementor-view-default elementor-invisible elementor-widget elementor-widget-icon\" data-id=\"51b6b83\" data-element_type=\"widget\" data-settings=\"{&quot;_animation&quot;:&quot;bounce&quot;}\" data-widget_type=\"icon.default\">\n\t\t\t\t<div class=\"elementor-widget-container\">\n\t\t\t\t\t\t\t<div class=\"elementor-icon-wrapper\">\n\t\t\t<div class=\"elementor-icon elementor-animation-grow\">\n\t\t\t<svg aria-hidden=\"true\" class=\"e-font-icon-svg e-fas-arrow-circle-down\" viewBox=\"0 0 512 512\" xmlns=\"http:\/\/www.w3.org\/2000\/svg\"><path d=\"M504 256c0 137-111 248-248 248S8 393 8 256 119 8 256 8s248 111 248 248zm-143.6-28.9L288 302.6V120c0-13.3-10.7-24-24-24h-16c-13.3 0-24 10.7-24 24v182.6l-72.4-75.5c-9.3-9.7-24.8-9.9-34.3-.4l-10.9 11c-9.4 9.4-9.4 24.6 0 33.9L239 404.3c9.4 9.4 24.6 9.4 33.9 0l132.7-132.7c9.4-9.4 9.4-24.6 0-33.9l-10.9-11c-9.5-9.5-25-9.3-34.3.4z\"><\/path><\/svg>\t\t\t<\/div>\n\t\t<\/div>\n\t\t\t\t\t\t<\/div>\n\t\t\t\t<\/div>\n\t\t\t\t<\/a>\n\t\t<a class=\"elementor-element elementor-element-3753d95 e-con-full e-flex e-con e-child\" data-id=\"3753d95\" data-element_type=\"container\" data-settings=\"{&quot;background_background&quot;:&quot;classic&quot;}\" href=\"https:\/\/lesuissespa.com\/restaurante\/product-category\/promos\/\">\n\t\t\t\t<\/a>\n\t\t\t\t<\/div>\n\t\t<div class=\"elementor-element elementor-element-1e1c122 e-con-full e-flex e-con e-child\" data-id=\"1e1c122\" data-element_type=\"container\">\n\t\t\t\t<div class=\"elementor-element elementor-element-e83371d elementor-widget elementor-widget-heading\" data-id=\"e83371d\" data-element_type=\"widget\" data-widget_type=\"heading.default\">\n\t\t\t\t<div class=\"elementor-widget-container\">\n\t\t\t\t\t<h2 class=\"elementor-heading-title elementor-size-default\">Descargar<\/h2>\t\t\t\t<\/div>\n\t\t\t\t<\/div>\n\t\t<div class=\"elementor-element elementor-element-91e1803 e-con-full e-flex e-con e-child\" data-id=\"91e1803\" data-element_type=\"container\">\n\t\t\t\t<div class=\"elementor-element elementor-element-10734cd elementor-widget elementor-widget-button\" data-id=\"10734cd\" data-element_type=\"widget\" data-widget_type=\"button.default\">\n\t\t\t\t<div class=\"elementor-widget-container\">\n\t\t\t\t\t\t\t\t\t<div class=\"elementor-button-wrapper\">\n\t\t\t\t\t<a class=\"elementor-button elementor-button-link elementor-size-sm\" href=\"https:\/\/lesuissespa.com\/wp-content\/uploads\/2024\/09\/MENU-DE-COMIDA-.pdf\" target=\"_blank\">\n\t\t\t\t\t\t<span class=\"elementor-button-content-wrapper\">\n\t\t\t\t\t\t<span class=\"elementor-button-icon\">\n\t\t\t\t<svg aria-hidden=\"true\" class=\"e-font-icon-svg e-fas-arrow-circle-down\" viewBox=\"0 0 512 512\" xmlns=\"http:\/\/www.w3.org\/2000\/svg\"><path d=\"M504 256c0 137-111 248-248 248S8 393 8 256 119 8 256 8s248 111 248 248zm-143.6-28.9L288 302.6V120c0-13.3-10.7-24-24-24h-16c-13.3 0-24 10.7-24 24v182.6l-72.4-75.5c-9.3-9.7-24.8-9.9-34.3-.4l-10.9 11c-9.4 9.4-9.4 24.6 0 33.9L239 404.3c9.4 9.4 24.6 9.4 33.9 0l132.7-132.7c9.4-9.4 9.4-24.6 0-33.9l-10.9-11c-9.5-9.5-25-9.3-34.3.4z\"><\/path><\/svg>\t\t\t<\/span>\n\t\t\t\t\t\t\t\t\t<span class=\"elementor-button-text\">Men\u00fa de Mil Luces<\/span>\n\t\t\t\t\t<\/span>\n\t\t\t\t\t<\/a>\n\t\t\t\t<\/div>\n\t\t\t\t\t\t\t\t<\/div>\n\t\t\t\t<\/div>\n\t\t\t\t<div class=\"elementor-element elementor-element-63f7d7f elementor-widget elementor-widget-button\" data-id=\"63f7d7f\" data-element_type=\"widget\" data-widget_type=\"button.default\">\n\t\t\t\t<div class=\"elementor-widget-container\">\n\t\t\t\t\t\t\t\t\t<div class=\"elementor-button-wrapper\">\n\t\t\t\t\t<a class=\"elementor-button elementor-button-link elementor-size-sm\" href=\"https:\/\/lesuissespa.com\/wp-content\/uploads\/2024\/09\/MENU-LESUISSE-BOTELLAS-Y-TRAGOS-.pdf\" target=\"_blank\">\n\t\t\t\t\t\t<span class=\"elementor-button-content-wrapper\">\n\t\t\t\t\t\t<span class=\"elementor-button-icon\">\n\t\t\t\t<svg aria-hidden=\"true\" class=\"e-font-icon-svg e-fas-arrow-circle-down\" viewBox=\"0 0 512 512\" xmlns=\"http:\/\/www.w3.org\/2000\/svg\"><path d=\"M504 256c0 137-111 248-248 248S8 393 8 256 119 8 256 8s248 111 248 248zm-143.6-28.9L288 302.6V120c0-13.3-10.7-24-24-24h-16c-13.3 0-24 10.7-24 24v182.6l-72.4-75.5c-9.3-9.7-24.8-9.9-34.3-.4l-10.9 11c-9.4 9.4-9.4 24.6 0 33.9L239 404.3c9.4 9.4 24.6 9.4 33.9 0l132.7-132.7c9.4-9.4 9.4-24.6 0-33.9l-10.9-11c-9.5-9.5-25-9.3-34.3.4z\"><\/path><\/svg>\t\t\t<\/span>\n\t\t\t\t\t\t\t\t\t<span class=\"elementor-button-text\">Men\u00fa Cenas Rom\u00e1nticas<\/span>\n\t\t\t\t\t<\/span>\n\t\t\t\t\t<\/a>\n\t\t\t\t<\/div>\n\t\t\t\t\t\t\t\t<\/div>\n\t\t\t\t<\/div>\n\t\t\t\t<div class=\"elementor-element elementor-element-cd0e079 elementor-widget elementor-widget-button\" data-id=\"cd0e079\" data-element_type=\"widget\" data-widget_type=\"button.default\">\n\t\t\t\t<div class=\"elementor-widget-container\">\n\t\t\t\t\t\t\t\t\t<div class=\"elementor-button-wrapper\">\n\t\t\t\t\t<a class=\"elementor-button elementor-button-link elementor-size-sm\" href=\"https:\/\/lesuissespa.com\/wp-content\/uploads\/2024\/09\/MENU-LE-SUISSE-BEBIDAS-.pdf\" target=\"_blank\">\n\t\t\t\t\t\t<span class=\"elementor-button-content-wrapper\">\n\t\t\t\t\t\t<span class=\"elementor-button-icon\">\n\t\t\t\t<svg aria-hidden=\"true\" class=\"e-font-icon-svg e-fas-arrow-circle-down\" viewBox=\"0 0 512 512\" xmlns=\"http:\/\/www.w3.org\/2000\/svg\"><path d=\"M504 256c0 137-111 248-248 248S8 393 8 256 119 8 256 8s248 111 248 248zm-143.6-28.9L288 302.6V120c0-13.3-10.7-24-24-24h-16c-13.3 0-24 10.7-24 24v182.6l-72.4-75.5c-9.3-9.7-24.8-9.9-34.3-.4l-10.9 11c-9.4 9.4-9.4 24.6 0 33.9L239 404.3c9.4 9.4 24.6 9.4 33.9 0l132.7-132.7c9.4-9.4 9.4-24.6 0-33.9l-10.9-11c-9.5-9.5-25-9.3-34.3.4z\"><\/path><\/svg>\t\t\t<\/span>\n\t\t\t\t\t\t\t\t\t<span class=\"elementor-button-text\">Men\u00fa Bebidas Premium<\/span>\n\t\t\t\t\t<\/span>\n\t\t\t\t\t<\/a>\n\t\t\t\t<\/div>\n\t\t\t\t\t\t\t\t<\/div>\n\t\t\t\t<\/div>\n\t\t\t\t<div class=\"elementor-element elementor-element-74fe0ed elementor-widget elementor-widget-button\" data-id=\"74fe0ed\" data-element_type=\"widget\" data-widget_type=\"button.default\">\n\t\t\t\t<div class=\"elementor-widget-container\">\n\t\t\t\t\t\t\t\t\t<div class=\"elementor-button-wrapper\">\n\t\t\t\t\t<a class=\"elementor-button elementor-button-link elementor-size-sm\" href=\"https:\/\/lesuissespa.com\/wp-content\/uploads\/2024\/09\/MENU-LESUISSE-BOTELLAS-Y-TRAGOS-.pdf\" target=\"_blank\">\n\t\t\t\t\t\t<span class=\"elementor-button-content-wrapper\">\n\t\t\t\t\t\t<span class=\"elementor-button-icon\">\n\t\t\t\t<svg aria-hidden=\"true\" class=\"e-font-icon-svg e-fas-arrow-circle-down\" viewBox=\"0 0 512 512\" xmlns=\"http:\/\/www.w3.org\/2000\/svg\"><path d=\"M504 256c0 137-111 248-248 248S8 393 8 256 119 8 256 8s248 111 248 248zm-143.6-28.9L288 302.6V120c0-13.3-10.7-24-24-24h-16c-13.3 0-24 10.7-24 24v182.6l-72.4-75.5c-9.3-9.7-24.8-9.9-34.3-.4l-10.9 11c-9.4 9.4-9.4 24.6 0 33.9L239 404.3c9.4 9.4 24.6 9.4 33.9 0l132.7-132.7c9.4-9.4 9.4-24.6 0-33.9l-10.9-11c-9.5-9.5-25-9.3-34.3.4z\"><\/path><\/svg>\t\t\t<\/span>\n\t\t\t\t\t\t\t\t\t<span class=\"elementor-button-text\">Botellas de vino y licor<\/span>\n\t\t\t\t\t<\/span>\n\t\t\t\t\t<\/a>\n\t\t\t\t<\/div>\n\t\t\t\t\t\t\t\t<\/div>\n\t\t\t\t<\/div>\n\t\t\t\t<\/div>\n\t\t\t\t<\/div>\n\t\t\t\t<\/div>\n\t\t\t\t<\/div>\n\t\t\t\t<\/div>\n\t\t","protected":false},"excerpt":{"rendered":"<p>Descargar Men\u00fa de Mil Luces Men\u00fa Cenas Rom\u00e1nticas Men\u00fa Bebidas Premium Botellas de vino y licor<\/p>\n","protected":false},"author":1,"featured_media":534,"parent":0,"menu_order":0,"comment_status":"closed","ping_status":"closed","template":"elementor_header_footer","meta":{"footnotes":""},"class_list":["post-339","page","type-page","status-publish","has-post-thumbnail","hentry"],"yoast_head":"<!-- This site is optimized with the Yoast SEO plugin v25.9 - https:\/\/yoast.com\/wordpress\/plugins\/seo\/ -->\n<title>Restaurante Milluces en Santa Luc\u00eda Milpas Altas<\/title>\n<meta name=\"description\" content=\"Visita Milluces y disfruta de platos tradicionales con una vista panor\u00e1mica al volc\u00e1n de agua en Guatemala. Perfecto para los amantes de la buena comida.\" \/>\n<meta name=\"robots\" content=\"index, follow, max-snippet:-1, max-image-preview:large, max-video-preview:-1\" \/>\n<link rel=\"canonical\" href=\"https:\/\/lesuissespa.com\/restaurante\/\" \/>\n<meta property=\"og:locale\" content=\"es_ES\" \/>\n<meta property=\"og:type\" content=\"article\" \/>\n<meta property=\"og:title\" content=\"Restaurante Milluces en Santa Luc\u00eda Milpas Altas\" \/>\n<meta property=\"og:description\" content=\"Visita Milluces y disfruta de platos tradicionales con una vista panor\u00e1mica al volc\u00e1n de agua en Guatemala. Perfecto para los amantes de la buena comida.\" \/>\n<meta property=\"og:url\" content=\"https:\/\/lesuissespa.com\/restaurante\/\" \/>\n<meta property=\"og:site_name\" content=\"Restaurante\" \/>\n<meta property=\"article:modified_time\" content=\"2025-09-26T18:36:07+00:00\" \/>\n<meta property=\"og:image\" content=\"https:\/\/lesuissespa.com\/restaurante\/wp-content\/uploads\/2025\/04\/logo.png\" \/>\n\t<meta property=\"og:image:width\" content=\"1101\" \/>\n\t<meta property=\"og:image:height\" content=\"1065\" \/>\n\t<meta property=\"og:image:type\" content=\"image\/png\" \/>\n<meta name=\"twitter:card\" content=\"summary_large_image\" \/>\n<meta name=\"twitter:label1\" content=\"Tiempo de lectura\" \/>\n\t<meta name=\"twitter:data1\" content=\"1 minuto\" \/>\n<script type=\"application\/ld+json\" class=\"yoast-schema-graph\">{\"@context\":\"https:\/\/schema.org\",\"@graph\":[{\"@type\":\"WebPage\",\"@id\":\"https:\/\/lesuissespa.com\/restaurante\/\",\"url\":\"https:\/\/lesuissespa.com\/restaurante\/\",\"name\":\"Restaurante Milluces en Santa Luc\u00eda Milpas Altas\",\"isPartOf\":{\"@id\":\"https:\/\/lesuissespa.com\/restaurante\/#website\"},\"primaryImageOfPage\":{\"@id\":\"https:\/\/lesuissespa.com\/restaurante\/#primaryimage\"},\"image\":{\"@id\":\"https:\/\/lesuissespa.com\/restaurante\/#primaryimage\"},\"thumbnailUrl\":\"https:\/\/lesuissespa.com\/restaurante\/wp-content\/uploads\/2025\/04\/logo.png\",\"datePublished\":\"2025-04-01T14:15:47+00:00\",\"dateModified\":\"2025-09-26T18:36:07+00:00\",\"description\":\"Visita Milluces y disfruta de platos tradicionales con una vista panor\u00e1mica al volc\u00e1n de agua en Guatemala. Perfecto para los amantes de la buena comida.\",\"breadcrumb\":{\"@id\":\"https:\/\/lesuissespa.com\/restaurante\/#breadcrumb\"},\"inLanguage\":\"es-CO\",\"potentialAction\":[{\"@type\":\"ReadAction\",\"target\":[\"https:\/\/lesuissespa.com\/restaurante\/\"]}]},{\"@type\":\"ImageObject\",\"inLanguage\":\"es-CO\",\"@id\":\"https:\/\/lesuissespa.com\/restaurante\/#primaryimage\",\"url\":\"https:\/\/lesuissespa.com\/restaurante\/wp-content\/uploads\/2025\/04\/logo.png\",\"contentUrl\":\"https:\/\/lesuissespa.com\/restaurante\/wp-content\/uploads\/2025\/04\/logo.png\",\"width\":1101,\"height\":1065},{\"@type\":\"BreadcrumbList\",\"@id\":\"https:\/\/lesuissespa.com\/restaurante\/#breadcrumb\",\"itemListElement\":[{\"@type\":\"ListItem\",\"position\":1,\"name\":\"Inicio\",\"item\":\"https:\/\/lesuissespa.com\/restaurante\/\"},{\"@type\":\"ListItem\",\"position\":2,\"name\":\"Inicio\"}]},{\"@type\":\"WebSite\",\"@id\":\"https:\/\/lesuissespa.com\/restaurante\/#website\",\"url\":\"https:\/\/lesuissespa.com\/restaurante\/\",\"name\":\"Restaurante\",\"description\":\"\",\"potentialAction\":[{\"@type\":\"SearchAction\",\"target\":{\"@type\":\"EntryPoint\",\"urlTemplate\":\"https:\/\/lesuissespa.com\/restaurante\/?s={search_term_string}\"},\"query-input\":{\"@type\":\"PropertyValueSpecification\",\"valueRequired\":true,\"valueName\":\"search_term_string\"}}],\"inLanguage\":\"es-CO\"}]}<\/script>\n<!-- \/ Yoast SEO plugin. -->","yoast_head_json":{"title":"Restaurante Milluces en Santa Luc\u00eda Milpas Altas","description":"Visita Milluces y disfruta de platos tradicionales con una vista panor\u00e1mica al volc\u00e1n de agua en Guatemala. Perfecto para los amantes de la buena comida.","robots":{"index":"index","follow":"follow","max-snippet":"max-snippet:-1","max-image-preview":"max-image-preview:large","max-video-preview":"max-video-preview:-1"},"canonical":"https:\/\/lesuissespa.com\/restaurante\/","og_locale":"es_ES","og_type":"article","og_title":"Restaurante Milluces en Santa Luc\u00eda Milpas Altas","og_description":"Visita Milluces y disfruta de platos tradicionales con una vista panor\u00e1mica al volc\u00e1n de agua en Guatemala. Perfecto para los amantes de la buena comida.","og_url":"https:\/\/lesuissespa.com\/restaurante\/","og_site_name":"Restaurante","article_modified_time":"2025-09-26T18:36:07+00:00","og_image":[{"width":1101,"height":1065,"url":"https:\/\/lesuissespa.com\/restaurante\/wp-content\/uploads\/2025\/04\/logo.png","type":"image\/png"}],"twitter_card":"summary_large_image","twitter_misc":{"Tiempo de lectura":"1 minuto"},"schema":{"@context":"https:\/\/schema.org","@graph":[{"@type":"WebPage","@id":"https:\/\/lesuissespa.com\/restaurante\/","url":"https:\/\/lesuissespa.com\/restaurante\/","name":"Restaurante Milluces en Santa Luc\u00eda Milpas Altas","isPartOf":{"@id":"https:\/\/lesuissespa.com\/restaurante\/#website"},"primaryImageOfPage":{"@id":"https:\/\/lesuissespa.com\/restaurante\/#primaryimage"},"image":{"@id":"https:\/\/lesuissespa.com\/restaurante\/#primaryimage"},"thumbnailUrl":"https:\/\/lesuissespa.com\/restaurante\/wp-content\/uploads\/2025\/04\/logo.png","datePublished":"2025-04-01T14:15:47+00:00","dateModified":"2025-09-26T18:36:07+00:00","description":"Visita Milluces y disfruta de platos tradicionales con una vista panor\u00e1mica al volc\u00e1n de agua en Guatemala. Perfecto para los amantes de la buena comida.","breadcrumb":{"@id":"https:\/\/lesuissespa.com\/restaurante\/#breadcrumb"},"inLanguage":"es-CO","potentialAction":[{"@type":"ReadAction","target":["https:\/\/lesuissespa.com\/restaurante\/"]}]},{"@type":"ImageObject","inLanguage":"es-CO","@id":"https:\/\/lesuissespa.com\/restaurante\/#primaryimage","url":"https:\/\/lesuissespa.com\/restaurante\/wp-content\/uploads\/2025\/04\/logo.png","contentUrl":"https:\/\/lesuissespa.com\/restaurante\/wp-content\/uploads\/2025\/04\/logo.png","width":1101,"height":1065},{"@type":"BreadcrumbList","@id":"https:\/\/lesuissespa.com\/restaurante\/#breadcrumb","itemListElement":[{"@type":"ListItem","position":1,"name":"Inicio","item":"https:\/\/lesuissespa.com\/restaurante\/"},{"@type":"ListItem","position":2,"name":"Inicio"}]},{"@type":"WebSite","@id":"https:\/\/lesuissespa.com\/restaurante\/#website","url":"https:\/\/lesuissespa.com\/restaurante\/","name":"Restaurante","description":"","potentialAction":[{"@type":"SearchAction","target":{"@type":"EntryPoint","urlTemplate":"https:\/\/lesuissespa.com\/restaurante\/?s={search_term_string}"},"query-input":{"@type":"PropertyValueSpecification","valueRequired":true,"valueName":"search_term_string"}}],"inLanguage":"es-CO"}]}},"_links":{"self":[{"href":"https:\/\/lesuissespa.com\/restaurante\/wp-json\/wp\/v2\/pages\/339","targetHints":{"allow":["GET"]}}],"collection":[{"href":"https:\/\/lesuissespa.com\/restaurante\/wp-json\/wp\/v2\/pages"}],"about":[{"href":"https:\/\/lesuissespa.com\/restaurante\/wp-json\/wp\/v2\/types\/page"}],"author":[{"embeddable":true,"href":"https:\/\/lesuissespa.com\/restaurante\/wp-json\/wp\/v2\/users\/1"}],"replies":[{"embeddable":true,"href":"https:\/\/lesuissespa.com\/restaurante\/wp-json\/wp\/v2\/comments?post=339"}],"version-history":[{"count":164,"href":"https:\/\/lesuissespa.com\/restaurante\/wp-json\/wp\/v2\/pages\/339\/revisions"}],"predecessor-version":[{"id":1840,"href":"https:\/\/lesuissespa.com\/restaurante\/wp-json\/wp\/v2\/pages\/339\/revisions\/1840"}],"wp:featuredmedia":[{"embeddable":true,"href":"https:\/\/lesuissespa.com\/restaurante\/wp-json\/wp\/v2\/media\/534"}],"wp:attachment":[{"href":"https:\/\/lesuissespa.com\/restaurante\/wp-json\/wp\/v2\/media?parent=339"}],"curies":[{"name":"wp","href":"https:\/\/api.w.org\/{rel}","templated":true}]}}